{"id":3067,"date":"2024-08-10T07:41:24","date_gmt":"2024-08-10T07:41:24","guid":{"rendered":"https:\/\/www.jingjinpressfilter.com\/?post_type=product&#038;p=3067"},"modified":"2025-04-19T03:27:54","modified_gmt":"2025-04-19T03:27:54","slug":"jingjin-intelligent-energy-saving-cake-dryer","status":"publish","type":"product","link":"https:\/\/www.jingjinpressfilter.com\/es\/producto\/jingjin-intelligent-energy-saving-cake-dryer\/","title":{"rendered":"Secadora de tortas inteligente de ahorro de energ\u00eda Jingjin"},"content":{"rendered":"<div class=\"pro-description\">\n<h2><strong>Application fields of Jingjin Intelligent Energy-saving Cake Dryer<\/strong><\/h2>\n<p><a href=\"http:\/\/www.jingjinpressfilter.com\"><strong><em>Jingjin<\/em> <\/strong><\/a>Intelligent Energy-saving Cake Dryer appears at:<\/p>\n<ol>\n<li>\n<div class=\"auto-hide-last-sibling-br paragraph-z1iNZD paragraph-element br-paragraph-space\"><strong>Environmental Protection<\/strong><br class=\"container-WVhlXL wrapper-odckLC undefined\" \/>We use this equipment to treat wastewater and sludge. It separates solids from liquids, which cuts down on environmental pollution.<\/div>\n<\/li>\n<li>\n<div class=\"auto-hide-last-sibling-br paragraph-z1iNZD paragraph-element br-paragraph-space\"><strong>Chemical Industry<\/strong><br class=\"container-WVhlXL wrapper-odckLC undefined\" \/>In chemical production, it helps remove solid impurities from reaction products. It can also recover valuable solid raw materials.<\/div>\n<\/li>\n<li>\n<div class=\"auto-hide-last-sibling-br paragraph-z1iNZD paragraph-element br-paragraph-space\"><strong>Food Processing<\/strong><br class=\"container-WVhlXL wrapper-odckLC undefined\" \/>In the food industry, it gets rid of moisture during food processing. This makes food products last longer.<\/div>\n<\/li>\n<li>\n<div class=\"auto-hide-last-sibling-br paragraph-z1iNZD paragraph-element br-paragraph-space\"><strong>Pharmaceutical Industry<\/strong><br class=\"container-WVhlXL wrapper-odckLC undefined\" \/>In the pharmaceutical field, it dries medicinal materials and tablets. This keeps medicines high &#8211; quality and stable.<\/div>\n<\/li>\n<li>\n<div class=\"auto-hide-last-sibling-br paragraph-z1iNZD paragraph-element br-paragraph-space\"><strong>Metallurgical Industry<\/strong><br class=\"container-WVhlXL wrapper-odckLC undefined\" \/>It\u2019s used to concentrate metal ores and remove water from tailings, making better use of resources.<\/div>\n<\/li>\n<li>\n<div class=\"auto-hide-last-sibling-br paragraph-z1iNZD paragraph-element br-paragraph-space\"><strong>Coal Industry<\/strong><br class=\"container-WVhlXL wrapper-odckLC undefined\" \/>We use it to remove water from coal slime. This reduces pollution and waste in the coal processing process.<\/div>\n<\/li>\n<\/ol>\n<h2><strong>Our Technology<\/strong><\/h2>\n<p>Jingjin is devoted to filter press industry for more than 20 years, and is also the primary drafter of national standards for filter press and filter plates. We have obtained 136 patents so far. 132 of them are in China, and 4 of them are international patents. The filter press\u2019s production capacity and sales volume remain the largest worldwide for twelve consecutive years, and sells to 123 countries and regions. Up to 2016, we have made 9800 orders, and own 1500 long-time, steady customers.<\/p>\n<p>The Jingjin Intelligent Energy-saving Cake Dryer is a high-performance drying system designed to efficiently remove moisture from filter cakes. This dryer is ideal for a wide range of industries, including pharmaceuticals, chemicals, food processing, and minerals processing, where precise moisture control is essential.<\/p>\n<p><img loading=\"lazy\" decoding=\"async\" class=\"size-full wp-image-3068 aligncenter\" data-src=\"https:\/\/www.jingjinpressfilter.com\/wp-content\/uploads\/2024\/08\/jingjin-intelligent-energy-saving-cake-dryer.webp\" alt=\"jingjin-intelligent-energy-saving-cake-dryer\" width=\"1422\" height=\"800\" srcset=\"https:\/\/www.jingjinpressfilter.com\/wp-content\/uploads\/2024\/08\/jingjin-intelligent-energy-saving-cake-dryer.webp 1422w, https:\/\/www.jingjinpressfilter.com\/wp-content\/uploads\/2024\/08\/jingjin-intelligent-energy-saving-cake-dryer-1280x720.webp 1280w, https:\/\/www.jingjinpressfilter.com\/wp-content\/uploads\/2024\/08\/jingjin-intelligent-energy-saving-cake-dryer-980x551.webp 980w, https:\/\/www.jingjinpressfilter.com\/wp-content\/uploads\/2024\/08\/jingjin-intelligent-energy-saving-cake-dryer-480x270.webp 480w\" sizes=\"(min-width: 0px) and (max-width: 480px) 480px, (min-width: 481px) and (max-width: 980px) 980px, (min-width: 981px) and (max-width: 1280px) 1280px, (min-width: 1281px) 1422px, 100vw\" \/><\/p>\n<\/div>","protected":false},"excerpt":{"rendered":"<p>Si busca una soluci\u00f3n a medida, no dude en ponerse en contacto con nosotros: estamos aqu\u00ed para ayudarle. Nuestro compromiso se refleja en su satisfacci\u00f3n; su sonrisa es el testimonio de nuestra dedicaci\u00f3n. En Jingjin, somos m\u00e1s que un socio: somos su amigo para siempre en busca de la excelencia.<\/p>","protected":false},"featured_media":3068,"template":"","meta":{"_et_pb_use_builder":"","_et_pb_old_content":"","_et_gb_content_width":""},"product_cat":[108],"product_tag":[],"yoast_head":"<!-- This site is optimized with the Yoast SEO plugin v23.1 - https:\/\/yoast.com\/wordpress\/plugins\/seo\/ -->\n<title>Jingjin Intelligent Energy-saving Cake Dryer - Professional filter press manufacturer in China<\/title>\n<meta name=\"description\" content=\"Jingjin Intelligent Energy-saving Cake Dryer with wholesale price. High quality products from jingjin filter fress manufacturer\" \/>\n<meta name=\"robots\" content=\"index, follow, max-snippet:-1, max-image-preview:large, max-video-preview:-1\" \/>\n<link rel=\"canonical\" href=\"https:\/\/www.jingjinpressfilter.com\/es\/producto\/jingjin-intelligent-energy-saving-cake-dryer\/\" \/>\n<meta property=\"og:locale\" content=\"es_ES\" \/>\n<meta property=\"og:type\" content=\"article\" \/>\n<meta property=\"og:title\" content=\"Jingjin Intelligent Energy-saving Cake Dryer - Professional filter press manufacturer in China\" \/>\n<meta property=\"og:description\" content=\"Jingjin Intelligent Energy-saving Cake Dryer with wholesale price. High quality products from jingjin filter fress manufacturer\" \/>\n<meta property=\"og:url\" content=\"https:\/\/www.jingjinpressfilter.com\/es\/producto\/jingjin-intelligent-energy-saving-cake-dryer\/\" \/>\n<meta property=\"og:site_name\" content=\"Professional filter press manufacturer in China\" \/>\n<meta property=\"article:modified_time\" content=\"2025-04-19T03:27:54+00:00\" \/>\n<meta property=\"og:image\" content=\"https:\/\/www.jingjinpressfilter.com\/wp-content\/uploads\/2024\/08\/jingjin-intelligent-energy-saving-cake-dryer.webp\" \/>\n\t<meta property=\"og:image:width\" content=\"1422\" \/>\n\t<meta property=\"og:image:height\" content=\"800\" \/>\n\t<meta property=\"og:image:type\" content=\"image\/webp\" \/>\n<meta name=\"twitter:card\" content=\"summary_large_image\" \/>\n<meta name=\"twitter:label1\" content=\"Tiempo de lectura\" \/>\n\t<meta name=\"twitter:data1\" content=\"2 minutos\" \/>\n<script type=\"application\/ld+json\" class=\"yoast-schema-graph\">{\"@context\":\"https:\/\/schema.org\",\"@graph\":[{\"@type\":\"WebPage\",\"@id\":\"https:\/\/www.jingjinpressfilter.com\/product\/jingjin-intelligent-energy-saving-cake-dryer\/\",\"url\":\"https:\/\/www.jingjinpressfilter.com\/product\/jingjin-intelligent-energy-saving-cake-dryer\/\",\"name\":\"Jingjin Intelligent Energy-saving Cake Dryer - Professional filter press manufacturer in China\",\"isPartOf\":{\"@id\":\"https:\/\/www.jingjinpressfilter.com\/#website\"},\"primaryImageOfPage\":{\"@id\":\"https:\/\/www.jingjinpressfilter.com\/product\/jingjin-intelligent-energy-saving-cake-dryer\/#primaryimage\"},\"image\":{\"@id\":\"https:\/\/www.jingjinpressfilter.com\/product\/jingjin-intelligent-energy-saving-cake-dryer\/#primaryimage\"},\"thumbnailUrl\":\"https:\/\/www.jingjinpressfilter.com\/wp-content\/uploads\/2024\/08\/jingjin-intelligent-energy-saving-cake-dryer.webp\",\"datePublished\":\"2024-08-10T07:41:24+00:00\",\"dateModified\":\"2025-04-19T03:27:54+00:00\",\"description\":\"Jingjin Intelligent Energy-saving Cake Dryer with wholesale price. High quality products from jingjin filter fress manufacturer\",\"breadcrumb\":{\"@id\":\"https:\/\/www.jingjinpressfilter.com\/product\/jingjin-intelligent-energy-saving-cake-dryer\/#breadcrumb\"},\"inLanguage\":\"es\",\"potentialAction\":[{\"@type\":\"ReadAction\",\"target\":[\"https:\/\/www.jingjinpressfilter.com\/product\/jingjin-intelligent-energy-saving-cake-dryer\/\"]}]},{\"@type\":\"ImageObject\",\"inLanguage\":\"es\",\"@id\":\"https:\/\/www.jingjinpressfilter.com\/product\/jingjin-intelligent-energy-saving-cake-dryer\/#primaryimage\",\"url\":\"https:\/\/www.jingjinpressfilter.com\/wp-content\/uploads\/2024\/08\/jingjin-intelligent-energy-saving-cake-dryer.webp\",\"contentUrl\":\"https:\/\/www.jingjinpressfilter.com\/wp-content\/uploads\/2024\/08\/jingjin-intelligent-energy-saving-cake-dryer.webp\",\"width\":1422,\"height\":800,\"caption\":\"jingjin-intelligent-energy-saving-cake-dryer\"},{\"@type\":\"BreadcrumbList\",\"@id\":\"https:\/\/www.jingjinpressfilter.com\/product\/jingjin-intelligent-energy-saving-cake-dryer\/#breadcrumb\",\"itemListElement\":[{\"@type\":\"ListItem\",\"position\":1,\"name\":\"Home\",\"item\":\"https:\/\/www.jingjinpressfilter.com\/\"},{\"@type\":\"ListItem\",\"position\":2,\"name\":\"Products\",\"item\":\"https:\/\/www.jingjinpressfilter.com\/shop\/\"},{\"@type\":\"ListItem\",\"position\":3,\"name\":\"Jingjin Intelligent Energy-saving Cake Dryer\"}]},{\"@type\":\"WebSite\",\"@id\":\"https:\/\/www.jingjinpressfilter.com\/#website\",\"url\":\"https:\/\/www.jingjinpressfilter.com\/\",\"name\":\"Professional filter press manufacturer in China\",\"description\":\"Top filter press, filter plate, filter cloth suppliers, manufacturers, factories from china\",\"potentialAction\":[{\"@type\":\"SearchAction\",\"target\":{\"@type\":\"EntryPoint\",\"urlTemplate\":\"https:\/\/www.jingjinpressfilter.com\/?s={search_term_string}\"},\"query-input\":\"required name=search_term_string\"}],\"inLanguage\":\"es\"}]}<\/script>\n<!-- \/ Yoast SEO plugin. -->","yoast_head_json":{"title":"Jingjin Intelligent Energy-saving Cake Dryer - Professional filter press manufacturer in China","description":"Jingjin Intelligent Energy-saving Cake Dryer with wholesale price. High quality products from jingjin filter fress manufacturer","robots":{"index":"index","follow":"follow","max-snippet":"max-snippet:-1","max-image-preview":"max-image-preview:large","max-video-preview":"max-video-preview:-1"},"canonical":"https:\/\/www.jingjinpressfilter.com\/es\/producto\/jingjin-intelligent-energy-saving-cake-dryer\/","og_locale":"es_ES","og_type":"article","og_title":"Jingjin Intelligent Energy-saving Cake Dryer - Professional filter press manufacturer in China","og_description":"Jingjin Intelligent Energy-saving Cake Dryer with wholesale price. High quality products from jingjin filter fress manufacturer","og_url":"https:\/\/www.jingjinpressfilter.com\/es\/producto\/jingjin-intelligent-energy-saving-cake-dryer\/","og_site_name":"Professional filter press manufacturer in China","article_modified_time":"2025-04-19T03:27:54+00:00","og_image":[{"width":1422,"height":800,"url":"https:\/\/www.jingjinpressfilter.com\/wp-content\/uploads\/2024\/08\/jingjin-intelligent-energy-saving-cake-dryer.webp","type":"image\/webp"}],"twitter_card":"summary_large_image","twitter_misc":{"Tiempo de lectura":"2 minutos"},"schema":{"@context":"https:\/\/schema.org","@graph":[{"@type":"WebPage","@id":"https:\/\/www.jingjinpressfilter.com\/product\/jingjin-intelligent-energy-saving-cake-dryer\/","url":"https:\/\/www.jingjinpressfilter.com\/product\/jingjin-intelligent-energy-saving-cake-dryer\/","name":"Jingjin Intelligent Energy-saving Cake Dryer - Professional filter press manufacturer in China","isPartOf":{"@id":"https:\/\/www.jingjinpressfilter.com\/#website"},"primaryImageOfPage":{"@id":"https:\/\/www.jingjinpressfilter.com\/product\/jingjin-intelligent-energy-saving-cake-dryer\/#primaryimage"},"image":{"@id":"https:\/\/www.jingjinpressfilter.com\/product\/jingjin-intelligent-energy-saving-cake-dryer\/#primaryimage"},"thumbnailUrl":"https:\/\/www.jingjinpressfilter.com\/wp-content\/uploads\/2024\/08\/jingjin-intelligent-energy-saving-cake-dryer.webp","datePublished":"2024-08-10T07:41:24+00:00","dateModified":"2025-04-19T03:27:54+00:00","description":"Jingjin Intelligent Energy-saving Cake Dryer with wholesale price. High quality products from jingjin filter fress manufacturer","breadcrumb":{"@id":"https:\/\/www.jingjinpressfilter.com\/product\/jingjin-intelligent-energy-saving-cake-dryer\/#breadcrumb"},"inLanguage":"es","potentialAction":[{"@type":"ReadAction","target":["https:\/\/www.jingjinpressfilter.com\/product\/jingjin-intelligent-energy-saving-cake-dryer\/"]}]},{"@type":"ImageObject","inLanguage":"es","@id":"https:\/\/www.jingjinpressfilter.com\/product\/jingjin-intelligent-energy-saving-cake-dryer\/#primaryimage","url":"https:\/\/www.jingjinpressfilter.com\/wp-content\/uploads\/2024\/08\/jingjin-intelligent-energy-saving-cake-dryer.webp","contentUrl":"https:\/\/www.jingjinpressfilter.com\/wp-content\/uploads\/2024\/08\/jingjin-intelligent-energy-saving-cake-dryer.webp","width":1422,"height":800,"caption":"jingjin-intelligent-energy-saving-cake-dryer"},{"@type":"BreadcrumbList","@id":"https:\/\/www.jingjinpressfilter.com\/product\/jingjin-intelligent-energy-saving-cake-dryer\/#breadcrumb","itemListElement":[{"@type":"ListItem","position":1,"name":"Home","item":"https:\/\/www.jingjinpressfilter.com\/"},{"@type":"ListItem","position":2,"name":"Products","item":"https:\/\/www.jingjinpressfilter.com\/shop\/"},{"@type":"ListItem","position":3,"name":"Jingjin Intelligent Energy-saving Cake Dryer"}]},{"@type":"WebSite","@id":"https:\/\/www.jingjinpressfilter.com\/#website","url":"https:\/\/www.jingjinpressfilter.com\/","name":"Professional filter press manufacturer in China","description":"Top filter press, filter plate, filter cloth suppliers, manufacturers, factories from china","potentialAction":[{"@type":"SearchAction","target":{"@type":"EntryPoint","urlTemplate":"https:\/\/www.jingjinpressfilter.com\/?s={search_term_string}"},"query-input":"required name=search_term_string"}],"inLanguage":"es"}]}},"_links":{"self":[{"href":"https:\/\/www.jingjinpressfilter.com\/es\/wp-json\/wp\/v2\/product\/3067"}],"collection":[{"href":"https:\/\/www.jingjinpressfilter.com\/es\/wp-json\/wp\/v2\/product"}],"about":[{"href":"https:\/\/www.jingjinpressfilter.com\/es\/wp-json\/wp\/v2\/types\/product"}],"wp:featuredmedia":[{"embeddable":true,"href":"https:\/\/www.jingjinpressfilter.com\/es\/wp-json\/wp\/v2\/media\/3068"}],"wp:attachment":[{"href":"https:\/\/www.jingjinpressfilter.com\/es\/wp-json\/wp\/v2\/media?parent=3067"}],"wp:term":[{"taxonomy":"product_cat","embeddable":true,"href":"https:\/\/www.jingjinpressfilter.com\/es\/wp-json\/wp\/v2\/product_cat?post=3067"},{"taxonomy":"product_tag","embeddable":true,"href":"https:\/\/www.jingjinpressfilter.com\/es\/wp-json\/wp\/v2\/product_tag?post=3067"}],"curies":[{"name":"wp","href":"https:\/\/api.w.org\/{rel}","templated":true}]}}